{"id":1000,"date":"2024-11-16T21:36:12","date_gmt":"2024-11-16T20:36:12","guid":{"rendered":"http:\/\/reflexie.ku.sk\/en\/?page_id=1000"},"modified":"2024-11-16T22:26:07","modified_gmt":"2024-11-16T21:26:07","slug":"about-journal","status":"publish","type":"page","link":"https:\/\/reflexie.ku.sk\/en\/","title":{"rendered":"Home"},"content":{"rendered":"<p style=\"text-align: justify;\"><strong><img fetchpriority=\"high\" decoding=\"async\" class=\"alignleft wp-image-796\" src=\"http:\/\/reflexie.ku.sk\/en\/wp-content\/uploads\/sites\/3\/2022\/12\/reflexie-2-2022-obalka-1-211x300.png\" alt=\"\" width=\"335\" height=\"477\" srcset=\"https:\/\/reflexie.ku.sk\/en\/wp-content\/uploads\/sites\/3\/2022\/12\/reflexie-2-2022-obalka-1-211x300.png 211w, https:\/\/reflexie.ku.sk\/en\/wp-content\/uploads\/sites\/3\/2022\/12\/reflexie-2-2022-obalka-1.png 636w\" sizes=\"(max-width: 335px) 100vw, 335px\" \/>About the Journal<\/strong><\/p>\n<p style=\"text-align: justify;\">The scientific journal <strong>REFLECTIONS &#8211; Compendium of theory and business practice<\/strong> has been published since 2017. For the first 5 years, the frequency was four times a year, and from 2022, when the magazine switches to a new format, the frequency is twice a year. The magazine is published by the Department of Management at the Faculty of Education of the Catholic University in Ru\u017eomberok. Published contributions are reviewed by two independent experts.<\/p>\n<p style=\"text-align: justify;\">The scientific journal REFLECTIONS &#8211; Compendium of theory and business practice brings, as is clear from its title, a theory proven by practice, or theory verified in practice. For the first 5 years, it focused primarily on the area of \u200b\u200bbusiness performance through the model of four balanced perspectives Balanced scorecard (BSC &#8211; financial perspective, customer perspective, perspective of internal business processes and perspective of learning and growth), which is a modern tool of strategic management from the nineties of the twentieth century, which in the zero years of the twenty-first century, it was expanded by the perspective of the business environment.<\/p>\n<p style=\"text-align: justify;\">The journal brings scientific, professional and discussion articles and analytical studies in the field of economic theory, economic policy, management of public administration organizations, education, environmental management, circular economy, organizational culture, business management, marketing, information systems and technologies in management, banking, mathematical modeling and statistical methods, cross-sectional and sectoral economies, as well as regional and social development in the domestic and international environment. Also, profiles of prominent Slovak and world economists, reviews of theoretical and professional works and news from scientific life.\u00a0The intention of the publisher of the journal is to create a space for authors from scientific research and educational institutions, as well as for authors from business practice, who are interested in sharing their research results, experiences, and observations, thereby contributing to the creation of new knowledge in the field of business management.<strong><br \/>\n<\/strong><\/p>\n","protected":false},"excerpt":{"rendered":"<p>About the Journal The scientific journal REFLECTIONS &#8211; Compendium of theory and business practice has been published since 2017. For the first 5 years, the &hellip;<\/p>\n","protected":false},"author":1,"featured_media":0,"parent":0,"menu_order":0,"comment_status":"closed","ping_status":"closed","template":"","meta":{"footnotes":""},"class_list":["post-1000","page","type-page","status-publish","hentry"],"yoast_head":"<!-- This site is optimized with the Yoast SEO plugin v24.1 - https:\/\/yoast.com\/wordpress\/plugins\/seo\/ -->\n<title>Home - REFLECTIONS<\/title>\n<meta name=\"robots\" content=\"index, follow, max-snippet:-1, max-image-preview:large, max-video-preview:-1\" \/>\n<link rel=\"canonical\" href=\"https:\/\/reflexie.ku.sk\/en\/\" \/>\n<meta property=\"og:locale\" content=\"sk_SK\" \/>\n<meta property=\"og:type\" content=\"article\" \/>\n<meta property=\"og:title\" content=\"Home - REFLECTIONS\" \/>\n<meta property=\"og:description\" content=\"About the Journal The scientific journal REFLECTIONS &#8211; Compendium of theory and business practice has been published since 2017. For the first 5 years, the &hellip;\" \/>\n<meta property=\"og:url\" content=\"https:\/\/reflexie.ku.sk\/en\/\" \/>\n<meta property=\"og:site_name\" content=\"REFLECTIONS\" \/>\n<meta property=\"article:modified_time\" content=\"2024-11-16T21:26:07+00:00\" \/>\n<meta property=\"og:image\" content=\"http:\/\/reflexie.ku.sk\/en\/wp-content\/uploads\/sites\/3\/2022\/12\/reflexie-2-2022-obalka-1-211x300.png\" \/>\n<meta name=\"twitter:card\" content=\"summary_large_image\" \/>\n<meta name=\"twitter:label1\" content=\"Predpokladan\u00fd \u010das \u010d\u00edtania\" \/>\n\t<meta name=\"twitter:data1\" content=\"2 min\u00faty\" \/>\n<script type=\"application\/ld+json\" class=\"yoast-schema-graph\">{\"@context\":\"https:\/\/schema.org\",\"@graph\":[{\"@type\":\"WebPage\",\"@id\":\"https:\/\/reflexie.ku.sk\/en\/\",\"url\":\"https:\/\/reflexie.ku.sk\/en\/\",\"name\":\"Home - REFLECTIONS\",\"isPartOf\":{\"@id\":\"https:\/\/reflexie.ku.sk\/en\/#website\"},\"primaryImageOfPage\":{\"@id\":\"https:\/\/reflexie.ku.sk\/en\/#primaryimage\"},\"image\":{\"@id\":\"https:\/\/reflexie.ku.sk\/en\/#primaryimage\"},\"thumbnailUrl\":\"http:\/\/reflexie.ku.sk\/en\/wp-content\/uploads\/sites\/3\/2022\/12\/reflexie-2-2022-obalka-1-211x300.png\",\"datePublished\":\"2024-11-16T20:36:12+00:00\",\"dateModified\":\"2024-11-16T21:26:07+00:00\",\"breadcrumb\":{\"@id\":\"https:\/\/reflexie.ku.sk\/en\/#breadcrumb\"},\"inLanguage\":\"sk-SK\",\"potentialAction\":[{\"@type\":\"ReadAction\",\"target\":[\"https:\/\/reflexie.ku.sk\/en\/\"]}]},{\"@type\":\"ImageObject\",\"inLanguage\":\"sk-SK\",\"@id\":\"https:\/\/reflexie.ku.sk\/en\/#primaryimage\",\"url\":\"https:\/\/reflexie.ku.sk\/en\/wp-content\/uploads\/sites\/3\/2022\/12\/reflexie-2-2022-obalka-1.png\",\"contentUrl\":\"https:\/\/reflexie.ku.sk\/en\/wp-content\/uploads\/sites\/3\/2022\/12\/reflexie-2-2022-obalka-1.png\",\"width\":636,\"height\":906},{\"@type\":\"BreadcrumbList\",\"@id\":\"https:\/\/reflexie.ku.sk\/en\/#breadcrumb\",\"itemListElement\":[{\"@type\":\"ListItem\",\"position\":1,\"name\":\"Domovsk\u00e1 str\u00e1nka\",\"item\":\"https:\/\/reflexie.ku.sk\/en\/\"},{\"@type\":\"ListItem\",\"position\":2,\"name\":\"Home\"}]},{\"@type\":\"WebSite\",\"@id\":\"https:\/\/reflexie.ku.sk\/en\/#website\",\"url\":\"https:\/\/reflexie.ku.sk\/en\/\",\"name\":\"REFLECTIONS\",\"description\":\"Compendium of theory and business practice\",\"publisher\":{\"@id\":\"https:\/\/reflexie.ku.sk\/en\/#organization\"},\"potentialAction\":[{\"@type\":\"SearchAction\",\"target\":{\"@type\":\"EntryPoint\",\"urlTemplate\":\"https:\/\/reflexie.ku.sk\/en\/?s={search_term_string}\"},\"query-input\":{\"@type\":\"PropertyValueSpecification\",\"valueRequired\":true,\"valueName\":\"search_term_string\"}}],\"inLanguage\":\"sk-SK\"},{\"@type\":\"Organization\",\"@id\":\"https:\/\/reflexie.ku.sk\/en\/#organization\",\"name\":\"Katol\u00edcka univerzita v Ru\u017eomberku\",\"url\":\"https:\/\/reflexie.ku.sk\/en\/\",\"logo\":{\"@type\":\"ImageObject\",\"inLanguage\":\"sk-SK\",\"@id\":\"https:\/\/reflexie.ku.sk\/en\/#\/schema\/logo\/image\/\",\"url\":\"http:\/\/reflexie.ku.sk\/en\/wp-content\/uploads\/sites\/3\/2022\/02\/ku-logo.png\",\"contentUrl\":\"http:\/\/reflexie.ku.sk\/en\/wp-content\/uploads\/sites\/3\/2022\/02\/ku-logo.png\",\"width\":1001,\"height\":1001,\"caption\":\"Katol\u00edcka univerzita v Ru\u017eomberku\"},\"image\":{\"@id\":\"https:\/\/reflexie.ku.sk\/en\/#\/schema\/logo\/image\/\"}}]}<\/script>\n<!-- \/ Yoast SEO plugin. -->","yoast_head_json":{"title":"Home - REFLECTIONS","robots":{"index":"index","follow":"follow","max-snippet":"max-snippet:-1","max-image-preview":"max-image-preview:large","max-video-preview":"max-video-preview:-1"},"canonical":"https:\/\/reflexie.ku.sk\/en\/","og_locale":"sk_SK","og_type":"article","og_title":"Home - REFLECTIONS","og_description":"About the Journal The scientific journal REFLECTIONS &#8211; Compendium of theory and business practice has been published since 2017. For the first 5 years, the &hellip;","og_url":"https:\/\/reflexie.ku.sk\/en\/","og_site_name":"REFLECTIONS","article_modified_time":"2024-11-16T21:26:07+00:00","og_image":[{"url":"http:\/\/reflexie.ku.sk\/en\/wp-content\/uploads\/sites\/3\/2022\/12\/reflexie-2-2022-obalka-1-211x300.png","type":"","width":"","height":""}],"twitter_card":"summary_large_image","twitter_misc":{"Predpokladan\u00fd \u010das \u010d\u00edtania":"2 min\u00faty"},"schema":{"@context":"https:\/\/schema.org","@graph":[{"@type":"WebPage","@id":"https:\/\/reflexie.ku.sk\/en\/","url":"https:\/\/reflexie.ku.sk\/en\/","name":"Home - REFLECTIONS","isPartOf":{"@id":"https:\/\/reflexie.ku.sk\/en\/#website"},"primaryImageOfPage":{"@id":"https:\/\/reflexie.ku.sk\/en\/#primaryimage"},"image":{"@id":"https:\/\/reflexie.ku.sk\/en\/#primaryimage"},"thumbnailUrl":"http:\/\/reflexie.ku.sk\/en\/wp-content\/uploads\/sites\/3\/2022\/12\/reflexie-2-2022-obalka-1-211x300.png","datePublished":"2024-11-16T20:36:12+00:00","dateModified":"2024-11-16T21:26:07+00:00","breadcrumb":{"@id":"https:\/\/reflexie.ku.sk\/en\/#breadcrumb"},"inLanguage":"sk-SK","potentialAction":[{"@type":"ReadAction","target":["https:\/\/reflexie.ku.sk\/en\/"]}]},{"@type":"ImageObject","inLanguage":"sk-SK","@id":"https:\/\/reflexie.ku.sk\/en\/#primaryimage","url":"https:\/\/reflexie.ku.sk\/en\/wp-content\/uploads\/sites\/3\/2022\/12\/reflexie-2-2022-obalka-1.png","contentUrl":"https:\/\/reflexie.ku.sk\/en\/wp-content\/uploads\/sites\/3\/2022\/12\/reflexie-2-2022-obalka-1.png","width":636,"height":906},{"@type":"BreadcrumbList","@id":"https:\/\/reflexie.ku.sk\/en\/#breadcrumb","itemListElement":[{"@type":"ListItem","position":1,"name":"Domovsk\u00e1 str\u00e1nka","item":"https:\/\/reflexie.ku.sk\/en\/"},{"@type":"ListItem","position":2,"name":"Home"}]},{"@type":"WebSite","@id":"https:\/\/reflexie.ku.sk\/en\/#website","url":"https:\/\/reflexie.ku.sk\/en\/","name":"REFLECTIONS","description":"Compendium of theory and business practice","publisher":{"@id":"https:\/\/reflexie.ku.sk\/en\/#organization"},"potentialAction":[{"@type":"SearchAction","target":{"@type":"EntryPoint","urlTemplate":"https:\/\/reflexie.ku.sk\/en\/?s={search_term_string}"},"query-input":{"@type":"PropertyValueSpecification","valueRequired":true,"valueName":"search_term_string"}}],"inLanguage":"sk-SK"},{"@type":"Organization","@id":"https:\/\/reflexie.ku.sk\/en\/#organization","name":"Katol\u00edcka univerzita v Ru\u017eomberku","url":"https:\/\/reflexie.ku.sk\/en\/","logo":{"@type":"ImageObject","inLanguage":"sk-SK","@id":"https:\/\/reflexie.ku.sk\/en\/#\/schema\/logo\/image\/","url":"http:\/\/reflexie.ku.sk\/en\/wp-content\/uploads\/sites\/3\/2022\/02\/ku-logo.png","contentUrl":"http:\/\/reflexie.ku.sk\/en\/wp-content\/uploads\/sites\/3\/2022\/02\/ku-logo.png","width":1001,"height":1001,"caption":"Katol\u00edcka univerzita v Ru\u017eomberku"},"image":{"@id":"https:\/\/reflexie.ku.sk\/en\/#\/schema\/logo\/image\/"}}]}},"_links":{"self":[{"href":"https:\/\/reflexie.ku.sk\/en\/wp-json\/wp\/v2\/pages\/1000","targetHints":{"allow":["GET"]}}],"collection":[{"href":"https:\/\/reflexie.ku.sk\/en\/wp-json\/wp\/v2\/pages"}],"about":[{"href":"https:\/\/reflexie.ku.sk\/en\/wp-json\/wp\/v2\/types\/page"}],"author":[{"embeddable":true,"href":"https:\/\/reflexie.ku.sk\/en\/wp-json\/wp\/v2\/users\/1"}],"replies":[{"embeddable":true,"href":"https:\/\/reflexie.ku.sk\/en\/wp-json\/wp\/v2\/comments?post=1000"}],"version-history":[{"count":3,"href":"https:\/\/reflexie.ku.sk\/en\/wp-json\/wp\/v2\/pages\/1000\/revisions"}],"predecessor-version":[{"id":1032,"href":"https:\/\/reflexie.ku.sk\/en\/wp-json\/wp\/v2\/pages\/1000\/revisions\/1032"}],"wp:attachment":[{"href":"https:\/\/reflexie.ku.sk\/en\/wp-json\/wp\/v2\/media?parent=1000"}],"curies":[{"name":"wp","href":"https:\/\/api.w.org\/{rel}","templated":true}]}}